{"id":4791,"date":"2020-02-18T09:19:53","date_gmt":"2020-02-18T08:19:53","guid":{"rendered":"https:\/\/q10grupo.com\/?page_id=4791"},"modified":"2020-04-01T09:43:46","modified_gmt":"2020-04-01T07:43:46","slug":"q10-comunicaciones-edisync","status":"publish","type":"page","link":"https:\/\/q10grupo.com\/en\/q10-comunicaciones-edisync\/","title":{"rendered":"Q10 EDISync Communications"},"content":{"rendered":"<div data-elementor-type=\"wp-page\" data-elementor-id=\"4791\" class=\"elementor elementor-4791\" data-elementor-settings=\"{&quot;ha_cmc_init_switcher&quot;:&quot;no&quot;}\">\n\t\t\t\t\t\t<section class=\"elementor-section elementor-top-section elementor-element elementor-element-56a64c3 elementor-section-boxed elementor-section-height-default elementor-section-height-default\" data-id=\"56a64c3\" data-element_type=\"section\" data-e-type=\"section\" data-settings=\"{&quot;_ha_eqh_enable&quot;:false}\">\n\t\t\t\t\t\t<div class=\"elementor-container elementor-column-gap-default\">\n\t\t\t\t\t<div class=\"elementor-column elementor-col-100 elementor-top-column elementor-element elementor-element-94b92e0\" data-id=\"94b92e0\" data-element_type=\"column\" data-e-type=\"column\">\n\t\t\t<div class=\"elementor-widget-wrap elementor-element-populated\">\n\t\t\t\t\t\t<div class=\"elementor-element elementor-element-659e63e elementor-widget elementor-widget-text-editor\" data-id=\"659e63e\" data-element_type=\"widget\" data-e-type=\"widget\" data-widget_type=\"text-editor.default\">\n\t\t\t\t<div class=\"elementor-widget-container\">\n\t\t\t\t\t\t\t\t\t<h5><strong>Integrated communication platform with Q10 for communication with external systems:<\/strong><\/h5><ul><li><h5>EDI System Imports.<\/h5><\/li><li><h5>EDI System Exports.<\/h5><\/li><li><h5>Connection with B2B, B2C, Magento, Prestashop, etc.<\/h5><\/li><\/ul>\t\t\t\t\t\t\t\t<\/div>\n\t\t\t\t<\/div>\n\t\t\t\t\t<\/div>\n\t\t<\/div>\n\t\t\t\t\t<\/div>\n\t\t<\/section>\n\t\t\t\t<section class=\"elementor-section elementor-top-section elementor-element elementor-element-60926a1 elementor-section-boxed elementor-section-height-default elementor-section-height-default\" data-id=\"60926a1\" data-element_type=\"section\" data-e-type=\"section\" data-settings=\"{&quot;_ha_eqh_enable&quot;:false}\">\n\t\t\t\t\t\t<div class=\"elementor-container elementor-column-gap-default\">\n\t\t\t\t\t<div class=\"elementor-column elementor-col-100 elementor-top-column elementor-element elementor-element-4ffbd44\" data-id=\"4ffbd44\" data-element_type=\"column\" data-e-type=\"column\">\n\t\t\t<div class=\"elementor-widget-wrap elementor-element-populated\">\n\t\t\t\t\t\t<div class=\"elementor-element elementor-element-ff2480c elementor-align-right elementor-widget elementor-widget-button\" data-id=\"ff2480c\" data-element_type=\"widget\" data-e-type=\"widget\" data-widget_type=\"button.default\">\n\t\t\t\t<div class=\"elementor-widget-container\">\n\t\t\t\t\t\t\t\t\t<div class=\"elementor-button-wrapper\">\n\t\t\t\t\t<a class=\"elementor-button elementor-button-link elementor-size-md\" href=\"https:\/\/q10grupo.com\/en\/#q10erp\">\n\t\t\t\t\t\t<span class=\"elementor-button-content-wrapper\">\n\t\t\t\t\t\t\t\t\t<span class=\"elementor-button-text\">Back to Q10 ERP<\/span>\n\t\t\t\t\t<\/span>\n\t\t\t\t\t<\/a>\n\t\t\t\t<\/div>\n\t\t\t\t\t\t\t\t<\/div>\n\t\t\t\t<\/div>\n\t\t\t\t\t<\/div>\n\t\t<\/div>\n\t\t\t\t\t<\/div>\n\t\t<\/section>\n\t\t\t\t<\/div>","protected":false},"excerpt":{"rendered":"<p>Plataforma de comunicaci\u00f3n integrada con Q10 para comunicaci\u00f3n con Sistemas Externos: Importaciones Sistema EDI. Exportaciones Sistema EDI. Conexi\u00f3n con Webs B2B, B2C, Magento, Prestashop, etc. Volver a Q10 ERP<\/p>","protected":false},"author":1,"featured_media":0,"parent":0,"menu_order":0,"comment_status":"closed","ping_status":"closed","template":"","meta":{"footnotes":""},"class_list":["post-4791","page","type-page","status-publish","hentry"],"yoast_head":"<!-- This site is optimized with the Yoast SEO plugin v25.6 - https:\/\/yoast.com\/wordpress\/plugins\/seo\/ -->\n<title>Q10 Comunicaciones EDISync - Soluciones Avanzadas de ERP en Murcia y Cartagena<\/title>\n<meta name=\"robots\" content=\"index, follow, max-snippet:-1, max-image-preview:large, max-video-preview:-1\" \/>\n<link rel=\"canonical\" href=\"https:\/\/q10grupo.com\/en\/q10-comunicaciones-edisync\/\" \/>\n<meta property=\"og:locale\" content=\"en_US\" \/>\n<meta property=\"og:type\" content=\"article\" \/>\n<meta property=\"og:title\" content=\"Q10 Comunicaciones EDISync - Soluciones Avanzadas de ERP en Murcia y Cartagena\" \/>\n<meta property=\"og:description\" content=\"Plataforma de comunicaci\u00f3n integrada con Q10 para comunicaci\u00f3n con Sistemas Externos: Importaciones Sistema EDI. Exportaciones Sistema EDI. Conexi\u00f3n con Webs B2B, B2C, Magento, Prestashop, etc. Volver a Q10 ERP\" \/>\n<meta property=\"og:url\" content=\"https:\/\/q10grupo.com\/en\/q10-comunicaciones-edisync\/\" \/>\n<meta property=\"og:site_name\" content=\"Soluciones Avanzadas de ERP en Murcia y Cartagena\" \/>\n<meta property=\"article:modified_time\" content=\"2020-04-01T07:43:46+00:00\" \/>\n<meta name=\"twitter:card\" content=\"summary_large_image\" \/>\n<script type=\"application\/ld+json\" class=\"yoast-schema-graph\">{\"@context\":\"https:\/\/schema.org\",\"@graph\":[{\"@type\":\"WebPage\",\"@id\":\"https:\/\/q10grupo.com\/en\/q10-comunicaciones-edisync\/\",\"url\":\"https:\/\/q10grupo.com\/en\/q10-comunicaciones-edisync\/\",\"name\":\"Q10 Comunicaciones EDISync - Soluciones Avanzadas de ERP en Murcia y Cartagena\",\"isPartOf\":{\"@id\":\"https:\/\/q10grupo.com\/#website\"},\"datePublished\":\"2020-02-18T08:19:53+00:00\",\"dateModified\":\"2020-04-01T07:43:46+00:00\",\"breadcrumb\":{\"@id\":\"https:\/\/q10grupo.com\/en\/q10-comunicaciones-edisync\/#breadcrumb\"},\"inLanguage\":\"en-US\",\"potentialAction\":[{\"@type\":\"ReadAction\",\"target\":[\"https:\/\/q10grupo.com\/en\/q10-comunicaciones-edisync\/\"]}]},{\"@type\":\"BreadcrumbList\",\"@id\":\"https:\/\/q10grupo.com\/en\/q10-comunicaciones-edisync\/#breadcrumb\",\"itemListElement\":[{\"@type\":\"ListItem\",\"position\":1,\"name\":\"Portada\",\"item\":\"https:\/\/q10grupo.com\/\"},{\"@type\":\"ListItem\",\"position\":2,\"name\":\"Q10 Comunicaciones EDISync\"}]},{\"@type\":\"WebSite\",\"@id\":\"https:\/\/q10grupo.com\/#website\",\"url\":\"https:\/\/q10grupo.com\/\",\"name\":\"Soluciones Avanzadas de ERP en Murcia y Cartagena\",\"description\":\"ERP en Murcia y Cartagena\",\"publisher\":{\"@id\":\"https:\/\/q10grupo.com\/#organization\"},\"potentialAction\":[{\"@type\":\"SearchAction\",\"target\":{\"@type\":\"EntryPoint\",\"urlTemplate\":\"https:\/\/q10grupo.com\/?s={search_term_string}\"},\"query-input\":{\"@type\":\"PropertyValueSpecification\",\"valueRequired\":true,\"valueName\":\"search_term_string\"}}],\"inLanguage\":\"en-US\"},{\"@type\":\"Organization\",\"@id\":\"https:\/\/q10grupo.com\/#organization\",\"name\":\"Soluciones Avanzadas de ERP en Murcia y Cartagena\",\"url\":\"https:\/\/q10grupo.com\/\",\"logo\":{\"@type\":\"ImageObject\",\"inLanguage\":\"en-US\",\"@id\":\"https:\/\/q10grupo.com\/#\/schema\/logo\/image\/\",\"url\":\"\",\"contentUrl\":\"\",\"caption\":\"Soluciones Avanzadas de ERP en Murcia y Cartagena\"},\"image\":{\"@id\":\"https:\/\/q10grupo.com\/#\/schema\/logo\/image\/\"}}]}<\/script>\n<!-- \/ Yoast SEO plugin. -->","yoast_head_json":{"title":"Q10 Comunicaciones EDISync - Soluciones Avanzadas de ERP en Murcia y Cartagena","robots":{"index":"index","follow":"follow","max-snippet":"max-snippet:-1","max-image-preview":"max-image-preview:large","max-video-preview":"max-video-preview:-1"},"canonical":"https:\/\/q10grupo.com\/en\/q10-comunicaciones-edisync\/","og_locale":"en_US","og_type":"article","og_title":"Q10 Comunicaciones EDISync - Soluciones Avanzadas de ERP en Murcia y Cartagena","og_description":"Plataforma de comunicaci\u00f3n integrada con Q10 para comunicaci\u00f3n con Sistemas Externos: Importaciones Sistema EDI. Exportaciones Sistema EDI. Conexi\u00f3n con Webs B2B, B2C, Magento, Prestashop, etc. Volver a Q10 ERP","og_url":"https:\/\/q10grupo.com\/en\/q10-comunicaciones-edisync\/","og_site_name":"Soluciones Avanzadas de ERP en Murcia y Cartagena","article_modified_time":"2020-04-01T07:43:46+00:00","twitter_card":"summary_large_image","schema":{"@context":"https:\/\/schema.org","@graph":[{"@type":"WebPage","@id":"https:\/\/q10grupo.com\/en\/q10-comunicaciones-edisync\/","url":"https:\/\/q10grupo.com\/en\/q10-comunicaciones-edisync\/","name":"Q10 Comunicaciones EDISync - Soluciones Avanzadas de ERP en Murcia y Cartagena","isPartOf":{"@id":"https:\/\/q10grupo.com\/#website"},"datePublished":"2020-02-18T08:19:53+00:00","dateModified":"2020-04-01T07:43:46+00:00","breadcrumb":{"@id":"https:\/\/q10grupo.com\/en\/q10-comunicaciones-edisync\/#breadcrumb"},"inLanguage":"en-US","potentialAction":[{"@type":"ReadAction","target":["https:\/\/q10grupo.com\/en\/q10-comunicaciones-edisync\/"]}]},{"@type":"BreadcrumbList","@id":"https:\/\/q10grupo.com\/en\/q10-comunicaciones-edisync\/#breadcrumb","itemListElement":[{"@type":"ListItem","position":1,"name":"Portada","item":"https:\/\/q10grupo.com\/"},{"@type":"ListItem","position":2,"name":"Q10 Comunicaciones EDISync"}]},{"@type":"WebSite","@id":"https:\/\/q10grupo.com\/#website","url":"https:\/\/q10grupo.com\/","name":"Soluciones Avanzadas de ERP en Murcia y Cartagena","description":"ERP en Murcia y Cartagena","publisher":{"@id":"https:\/\/q10grupo.com\/#organization"},"potentialAction":[{"@type":"SearchAction","target":{"@type":"EntryPoint","urlTemplate":"https:\/\/q10grupo.com\/?s={search_term_string}"},"query-input":{"@type":"PropertyValueSpecification","valueRequired":true,"valueName":"search_term_string"}}],"inLanguage":"en-US"},{"@type":"Organization","@id":"https:\/\/q10grupo.com\/#organization","name":"Soluciones Avanzadas de ERP en Murcia y Cartagena","url":"https:\/\/q10grupo.com\/","logo":{"@type":"ImageObject","inLanguage":"en-US","@id":"https:\/\/q10grupo.com\/#\/schema\/logo\/image\/","url":"","contentUrl":"","caption":"Soluciones Avanzadas de ERP en Murcia y Cartagena"},"image":{"@id":"https:\/\/q10grupo.com\/#\/schema\/logo\/image\/"}}]}},"_links":{"self":[{"href":"https:\/\/q10grupo.com\/en\/wp-json\/wp\/v2\/pages\/4791"}],"collection":[{"href":"https:\/\/q10grupo.com\/en\/wp-json\/wp\/v2\/pages"}],"about":[{"href":"https:\/\/q10grupo.com\/en\/wp-json\/wp\/v2\/types\/page"}],"author":[{"embeddable":true,"href":"https:\/\/q10grupo.com\/en\/wp-json\/wp\/v2\/users\/1"}],"replies":[{"embeddable":true,"href":"https:\/\/q10grupo.com\/en\/wp-json\/wp\/v2\/comments?post=4791"}],"version-history":[{"count":3,"href":"https:\/\/q10grupo.com\/en\/wp-json\/wp\/v2\/pages\/4791\/revisions"}],"predecessor-version":[{"id":4797,"href":"https:\/\/q10grupo.com\/en\/wp-json\/wp\/v2\/pages\/4791\/revisions\/4797"}],"wp:attachment":[{"href":"https:\/\/q10grupo.com\/en\/wp-json\/wp\/v2\/media?parent=4791"}],"curies":[{"name":"wp","href":"https:\/\/api.w.org\/{rel}","templated":true}]}}